{"id":518,"date":"2022-05-10T15:46:44","date_gmt":"2022-05-10T13:46:44","guid":{"rendered":"http:\/\/www.valkyrie.business\/?page_id=518"},"modified":"2022-06-01T14:07:40","modified_gmt":"2022-06-01T12:07:40","slug":"materiel-informatique","status":"publish","type":"page","link":"https:\/\/www.valkyrie.business\/index.php\/materiel-informatique\/","title":{"rendered":"Mat\u00e9riel Informatique"},"content":{"rendered":"<p>[et_pb_section fb_built=\u00a0\u00bb1&Prime; admin_label=\u00a0\u00bbHeader\u00a0\u00bb _builder_version=\u00a0\u00bb4.17.3&Prime; _module_preset=\u00a0\u00bbdefault\u00a0\u00bb use_background_color_gradient=\u00a0\u00bbon\u00a0\u00bb background_color_gradient_type=\u00a0\u00bbcircular\u00a0\u00bb background_color_gradient_stops=\u00a0\u00bb#004183 0%|#001f4c 100%\u00a0\u00bb background_color_gradient_start=\u00a0\u00bb#004183&Prime; background_color_gradient_end=\u00a0\u00bb#001f4c\u00a0\u00bb background_image=\u00a0\u00bbhttps:\/\/www.valkyrie.business\/wp-content\/uploads\/2022\/05\/cyber-security-05-1.png\u00a0\u00bb background_size=\u00a0\u00bbstretch\u00a0\u00bb background_position=\u00a0\u00bbbottom_center\u00a0\u00bb custom_padding=\u00a0\u00bb52px||0px||false|false\u00a0\u00bb locked=\u00a0\u00bboff\u00a0\u00bb global_colors_info=\u00a0\u00bb{}\u00a0\u00bb][et_pb_row column_structure=\u00a0\u00bb1_2,1_2&Prime; _builder_version=\u00a0\u00bb4.16&Prime; _module_preset=\u00a0\u00bbdefault\u00a0\u00bb z_index=\u00a0\u00bb10&Prime; custom_padding=\u00a0\u00bb27px|||||\u00a0\u00bb global_colors_info=\u00a0\u00bb{}\u00a0\u00bb][et_pb_column type=\u00a0\u00bb1_2&Prime; _builder_version=\u00a0\u00bb4.16&Prime; _module_preset=\u00a0\u00bbdefault\u00a0\u00bb global_colors_info=\u00a0\u00bb{}\u00a0\u00bb][et_pb_text _builder_version=\u00a0\u00bb4.17.4&Prime; _module_preset=\u00a0\u00bbdefault\u00a0\u00bb text_font=\u00a0\u00bb||||||||\u00a0\u00bb custom_padding=\u00a0\u00bb||1px|||\u00a0\u00bb animation_style=\u00a0\u00bbflip\u00a0\u00bb animation_direction=\u00a0\u00bbcenter\u00a0\u00bb animation_duration=\u00a0\u00bb400ms\u00a0\u00bb locked=\u00a0\u00bboff\u00a0\u00bb global_colors_info=\u00a0\u00bb{}\u00a0\u00bb]<\/p>\n<h1 style=\"text-align: center;\">Mat\u00e9riel Informatique<\/h1>\n<p>&nbsp;<\/p>\n<p style=\"text-align: center;\"><span style=\"font-size: x-large;\">Nous vous proposons du Mat\u00e9riel Informatique performant pour r\u00e9pondre au mieux \u00e0 vos besoins en toutes circonstances. <\/span><\/p>\n<p style=\"text-align: center;\"><span style=\"font-size: x-large;\">Finements s\u00e9lectionn\u00e9s apr\u00e8s une \u00e9tude approfondie de la technologie afin de garantir ainsi toujours plus de performance ! <\/span><\/p>\n<p style=\"text-align: center;\"><span style=\"font-size: x-large;\"><\/span><\/p>\n<p style=\"text-align: center;\">\n<p style=\"text-align: center;\"><span style=\"font-size: x-large;\"><\/span><\/p>\n<p>[\/et_pb_text][\/et_pb_column][et_pb_column type=\u00a0\u00bb1_2&Prime; _builder_version=\u00a0\u00bb4.16&Prime; _module_preset=\u00a0\u00bbdefault\u00a0\u00bb global_colors_info=\u00a0\u00bb{}\u00a0\u00bb][et_pb_image src=\u00a0\u00bbhttps:\/\/www.valkyrie.business\/wp-content\/uploads\/2022\/05\/cyber-security-06-1-300&#215;300.png\u00a0\u00bb title_text=\u00a0\u00bbcyber-security-06-1&Prime; _builder_version=\u00a0\u00bb4.17.4&Prime; _module_preset=\u00a0\u00bbdefault\u00a0\u00bb global_colors_info=\u00a0\u00bb{}\u00a0\u00bb][\/et_pb_image][\/et_pb_column][\/et_pb_row][et_pb_row column_structure=\u00a0\u00bb1_4,1_4,1_4,1_4&Prime; use_custom_gutter=\u00a0\u00bbon\u00a0\u00bb gutter_width=\u00a0\u00bb2&Prime; _builder_version=\u00a0\u00bb4.16&Prime; _module_preset=\u00a0\u00bbdefault\u00a0\u00bb z_index=\u00a0\u00bb10&Prime; custom_margin=\u00a0\u00bb-12px|auto||auto||\u00a0\u00bb custom_padding=\u00a0\u00bb62px|||||\u00a0\u00bb locked=\u00a0\u00bboff\u00a0\u00bb global_colors_info=\u00a0\u00bb{}\u00a0\u00bb][et_pb_column type=\u00a0\u00bb1_4&Prime; _builder_version=\u00a0\u00bb4.16&Prime; _module_preset=\u00a0\u00bbdefault\u00a0\u00bb global_colors_info=\u00a0\u00bb{}\u00a0\u00bb][et_pb_button button_url=\u00a0\u00bbhttps:\/\/www.ultraconfig.com\/pc-tours-et-portables\/\u00a0\u00bb button_text=\u00a0\u00bbOrdinateurs\u00a0\u00bb button_alignment_tablet=\u00a0\u00bb\u00a0\u00bb button_alignment_phone=\u00a0\u00bbcenter\u00a0\u00bb button_alignment_last_edited=\u00a0\u00bbon|desktop\u00a0\u00bb _builder_version=\u00a0\u00bb4.17.3&Prime; _module_preset=\u00a0\u00bbdefault\u00a0\u00bb custom_button=\u00a0\u00bbon\u00a0\u00bb button_text_size=\u00a0\u00bb14px\u00a0\u00bb button_text_color=\u00a0\u00bb#ffffff\u00a0\u00bb button_bg_color=\u00a0\u00bb#47d7ff\u00a0\u00bb button_border_width=\u00a0\u00bb0px\u00a0\u00bb button_border_radius=\u00a0\u00bb100px\u00a0\u00bb button_font=\u00a0\u00bbOverpass|900||on|||||\u00a0\u00bb button_use_icon=\u00a0\u00bboff\u00a0\u00bb custom_padding=\u00a0\u00bb20px|30px|20px|30px|true|true\u00a0\u00bb box_shadow_style=\u00a0\u00bbpreset3&Prime; box_shadow_vertical=\u00a0\u00bb20px\u00a0\u00bb box_shadow_blur=\u00a0\u00bb40px\u00a0\u00bb box_shadow_spread=\u00a0\u00bb-10px\u00a0\u00bb box_shadow_color=\u00a0\u00bbrgba(23,102,193,0.46)\u00a0\u00bb locked=\u00a0\u00bboff\u00a0\u00bb global_colors_info=\u00a0\u00bb{}\u00a0\u00bb box_shadow_color__hover=\u00a0\u00bb#2585b2&Prime; box_shadow_blur__hover_enabled=\u00a0\u00bbon\u00a0\u00bb box_shadow_blur__hover=\u00a0\u00bb20px\u00a0\u00bb box_shadow_vertical__hover_enabled=\u00a0\u00bbon\u00a0\u00bb box_shadow_vertical__hover=\u00a0\u00bb10px\u00a0\u00bb][\/et_pb_button][\/et_pb_column][et_pb_column type=\u00a0\u00bb1_4&Prime; _builder_version=\u00a0\u00bb4.16&Prime; _module_preset=\u00a0\u00bbdefault\u00a0\u00bb global_colors_info=\u00a0\u00bb{}\u00a0\u00bb][et_pb_button button_url=\u00a0\u00bbhttps:\/\/www.ultraconfig.com\/accessoires-et-peripheriques-pc\/\u00a0\u00bb button_text=\u00a0\u00bbP\u00e9riph\u00e9riques\u00a0\u00bb button_alignment_tablet=\u00a0\u00bb\u00a0\u00bb button_alignment_phone=\u00a0\u00bbcenter\u00a0\u00bb button_alignment_last_edited=\u00a0\u00bbon|desktop\u00a0\u00bb _builder_version=\u00a0\u00bb4.17.3&Prime; _module_preset=\u00a0\u00bbdefault\u00a0\u00bb custom_button=\u00a0\u00bbon\u00a0\u00bb button_text_size=\u00a0\u00bb14px\u00a0\u00bb button_text_color=\u00a0\u00bb#ffffff\u00a0\u00bb button_bg_color=\u00a0\u00bb#47d7ff\u00a0\u00bb button_border_width=\u00a0\u00bb0px\u00a0\u00bb button_border_radius=\u00a0\u00bb100px\u00a0\u00bb button_font=\u00a0\u00bbOverpass|900||on|||||\u00a0\u00bb button_use_icon=\u00a0\u00bboff\u00a0\u00bb custom_padding=\u00a0\u00bb20px|30px|20px|30px|true|true\u00a0\u00bb box_shadow_style=\u00a0\u00bbpreset3&Prime; box_shadow_vertical=\u00a0\u00bb20px\u00a0\u00bb box_shadow_blur=\u00a0\u00bb40px\u00a0\u00bb box_shadow_spread=\u00a0\u00bb-10px\u00a0\u00bb box_shadow_color=\u00a0\u00bbrgba(23,102,193,0.46)\u00a0\u00bb locked=\u00a0\u00bboff\u00a0\u00bb global_colors_info=\u00a0\u00bb{}\u00a0\u00bb box_shadow_color__hover=\u00a0\u00bb#2585b2&Prime; box_shadow_blur__hover_enabled=\u00a0\u00bbon\u00a0\u00bb box_shadow_blur__hover=\u00a0\u00bb20px\u00a0\u00bb box_shadow_vertical__hover_enabled=\u00a0\u00bbon\u00a0\u00bb box_shadow_vertical__hover=\u00a0\u00bb10px\u00a0\u00bb][\/et_pb_button][\/et_pb_column][et_pb_column type=\u00a0\u00bb1_4&Prime; _builder_version=\u00a0\u00bb4.16&Prime; _module_preset=\u00a0\u00bbdefault\u00a0\u00bb global_colors_info=\u00a0\u00bb{}\u00a0\u00bb][et_pb_button button_url=\u00a0\u00bbhttps:\/\/www.ultraconfig.com\/cartes-reseaux-wifi-bluetooth\/\u00a0\u00bb button_text=\u00a0\u00bbR\u00e9seau\u00a0\u00bb button_alignment_tablet=\u00a0\u00bb\u00a0\u00bb button_alignment_phone=\u00a0\u00bbcenter\u00a0\u00bb button_alignment_last_edited=\u00a0\u00bbon|desktop\u00a0\u00bb _builder_version=\u00a0\u00bb4.17.3&Prime; _module_preset=\u00a0\u00bbdefault\u00a0\u00bb custom_button=\u00a0\u00bbon\u00a0\u00bb button_text_size=\u00a0\u00bb14px\u00a0\u00bb button_text_color=\u00a0\u00bb#ffffff\u00a0\u00bb button_bg_color=\u00a0\u00bb#47d7ff\u00a0\u00bb button_border_width=\u00a0\u00bb0px\u00a0\u00bb button_border_radius=\u00a0\u00bb100px\u00a0\u00bb button_font=\u00a0\u00bbOverpass|900||on|||||\u00a0\u00bb button_use_icon=\u00a0\u00bboff\u00a0\u00bb custom_padding=\u00a0\u00bb20px|30px|20px|30px|true|true\u00a0\u00bb box_shadow_style=\u00a0\u00bbpreset3&Prime; box_shadow_vertical=\u00a0\u00bb20px\u00a0\u00bb box_shadow_blur=\u00a0\u00bb40px\u00a0\u00bb box_shadow_spread=\u00a0\u00bb-10px\u00a0\u00bb box_shadow_color=\u00a0\u00bbrgba(23,102,193,0.46)\u00a0\u00bb locked=\u00a0\u00bboff\u00a0\u00bb global_colors_info=\u00a0\u00bb{}\u00a0\u00bb box_shadow_color__hover=\u00a0\u00bb#2585b2&Prime; box_shadow_blur__hover_enabled=\u00a0\u00bbon\u00a0\u00bb box_shadow_blur__hover=\u00a0\u00bb20px\u00a0\u00bb box_shadow_vertical__hover_enabled=\u00a0\u00bbon\u00a0\u00bb box_shadow_vertical__hover=\u00a0\u00bb10px\u00a0\u00bb][\/et_pb_button][\/et_pb_column][et_pb_column type=\u00a0\u00bb1_4&Prime; _builder_version=\u00a0\u00bb4.16&Prime; _module_preset=\u00a0\u00bbdefault\u00a0\u00bb global_colors_info=\u00a0\u00bb{}\u00a0\u00bb][et_pb_button button_url=\u00a0\u00bbhttps:\/\/www.ultraconfig.com\/logiciels\/\u00a0\u00bb button_text=\u00a0\u00bbLogiciels\u00a0\u00bb button_alignment_tablet=\u00a0\u00bb\u00a0\u00bb button_alignment_phone=\u00a0\u00bbcenter\u00a0\u00bb button_alignment_last_edited=\u00a0\u00bbon|desktop\u00a0\u00bb _builder_version=\u00a0\u00bb4.17.3&Prime; _module_preset=\u00a0\u00bbdefault\u00a0\u00bb custom_button=\u00a0\u00bbon\u00a0\u00bb button_text_size=\u00a0\u00bb14px\u00a0\u00bb button_text_color=\u00a0\u00bb#ffffff\u00a0\u00bb button_bg_color=\u00a0\u00bb#47d7ff\u00a0\u00bb button_border_width=\u00a0\u00bb0px\u00a0\u00bb button_border_radius=\u00a0\u00bb100px\u00a0\u00bb button_font=\u00a0\u00bbOverpass|900||on|||||\u00a0\u00bb button_use_icon=\u00a0\u00bboff\u00a0\u00bb custom_padding=\u00a0\u00bb20px|30px|20px|30px|true|true\u00a0\u00bb box_shadow_style=\u00a0\u00bbpreset3&Prime; box_shadow_vertical=\u00a0\u00bb20px\u00a0\u00bb box_shadow_blur=\u00a0\u00bb40px\u00a0\u00bb box_shadow_spread=\u00a0\u00bb-10px\u00a0\u00bb box_shadow_color=\u00a0\u00bbrgba(23,102,193,0.46)\u00a0\u00bb locked=\u00a0\u00bboff\u00a0\u00bb global_colors_info=\u00a0\u00bb{}\u00a0\u00bb box_shadow_color__hover=\u00a0\u00bb#2585b2&Prime; box_shadow_blur__hover_enabled=\u00a0\u00bbon\u00a0\u00bb box_shadow_blur__hover=\u00a0\u00bb20px\u00a0\u00bb box_shadow_vertical__hover_enabled=\u00a0\u00bbon\u00a0\u00bb box_shadow_vertical__hover=\u00a0\u00bb10px\u00a0\u00bb][\/et_pb_button][\/et_pb_column][\/et_pb_row][\/et_pb_section][et_pb_section fb_built=\u00a0\u00bb1&Prime; _builder_version=\u00a0\u00bb4.17.4&Prime; _module_preset=\u00a0\u00bbdefault\u00a0\u00bb custom_padding=\u00a0\u00bb51px||2px|||\u00a0\u00bb global_colors_info=\u00a0\u00bb{}\u00a0\u00bb][et_pb_row column_structure=\u00a0\u00bb1_2,1_2&Prime; _builder_version=\u00a0\u00bb4.17.4&Prime; _module_preset=\u00a0\u00bbdefault\u00a0\u00bb z_index=\u00a0\u00bb10&Prime; custom_padding=\u00a0\u00bb22px|||||\u00a0\u00bb global_colors_info=\u00a0\u00bb{}\u00a0\u00bb][et_pb_column type=\u00a0\u00bb1_2&Prime; _builder_version=\u00a0\u00bb4.16&Prime; _module_preset=\u00a0\u00bbdefault\u00a0\u00bb global_colors_info=\u00a0\u00bb{}\u00a0\u00bb][et_pb_text _builder_version=\u00a0\u00bb4.17.4&Prime; _module_preset=\u00a0\u00bbdefault\u00a0\u00bb text_font=\u00a0\u00bb||||||||\u00a0\u00bb text_text_color=\u00a0\u00bb#000000&Prime; custom_margin=\u00a0\u00bb||6px|||\u00a0\u00bb custom_padding=\u00a0\u00bb||1px|||\u00a0\u00bb animation_style=\u00a0\u00bbflip\u00a0\u00bb animation_direction=\u00a0\u00bbcenter\u00a0\u00bb animation_duration=\u00a0\u00bb400ms\u00a0\u00bb locked=\u00a0\u00bboff\u00a0\u00bb global_colors_info=\u00a0\u00bb{}\u00a0\u00bb]<\/p>\n<p><span style=\"font-size: x-large;\">En savoir plus sur <a href=\"https:\/\/www.valkyrie.business\/index.php\/2022\/05\/27\/rgpd\/\">nos services RGPD<\/a> pour configurer au mieux l&rsquo;utilisation de vos produits ?<\/span><\/p>\n<p>[\/et_pb_text][et_pb_button button_url=\u00a0\u00bbhttps:\/\/www.valkyrie.business\/index.php\/2022\/05\/27\/rgpd\/\u00a0\u00bb button_text=\u00a0\u00bbEn Savoir Plus\u00a0\u00bb button_alignment=\u00a0\u00bbcenter\u00a0\u00bb _builder_version=\u00a0\u00bb4.17.4&Prime; _module_preset=\u00a0\u00bbdefault\u00a0\u00bb custom_button=\u00a0\u00bbon\u00a0\u00bb button_text_size=\u00a0\u00bb15px\u00a0\u00bb button_text_color=\u00a0\u00bb#ffffff\u00a0\u00bb button_bg_color=\u00a0\u00bb#47d7ff\u00a0\u00bb button_border_width=\u00a0\u00bb0px\u00a0\u00bb button_border_radius=\u00a0\u00bb100px\u00a0\u00bb button_font=\u00a0\u00bbOverpass|900||on|||||\u00a0\u00bb button_use_icon=\u00a0\u00bboff\u00a0\u00bb custom_padding=\u00a0\u00bb20px|30px|20px|30px|true|true\u00a0\u00bb hover_enabled=\u00a0\u00bb0&Prime; box_shadow_style=\u00a0\u00bbpreset3&Prime; box_shadow_vertical=\u00a0\u00bb20px\u00a0\u00bb box_shadow_blur=\u00a0\u00bb40px\u00a0\u00bb box_shadow_spread=\u00a0\u00bb-10px\u00a0\u00bb box_shadow_color=\u00a0\u00bbrgba(23,102,193,0.46)\u00a0\u00bb locked=\u00a0\u00bboff\u00a0\u00bb global_colors_info=\u00a0\u00bb{}\u00a0\u00bb box_shadow_color__hover=\u00a0\u00bb#2585b2&Prime; box_shadow_blur__hover_enabled=\u00a0\u00bbon\u00a0\u00bb box_shadow_blur__hover=\u00a0\u00bb20px\u00a0\u00bb box_shadow_vertical__hover_enabled=\u00a0\u00bbon\u00a0\u00bb box_shadow_vertical__hover=\u00a0\u00bb10px\u00a0\u00bb sticky_enabled=\u00a0\u00bb0&Prime;][\/et_pb_button][\/et_pb_column][et_pb_column type=\u00a0\u00bb1_2&Prime; _builder_version=\u00a0\u00bb4.16&Prime; _module_preset=\u00a0\u00bbdefault\u00a0\u00bb global_colors_info=\u00a0\u00bb{}\u00a0\u00bb][\/et_pb_column][\/et_pb_row][et_pb_row _builder_version=\u00a0\u00bb4.17.4&Prime; _module_preset=\u00a0\u00bbdefault\u00a0\u00bb global_colors_info=\u00a0\u00bb{}\u00a0\u00bb][et_pb_column type=\u00a0\u00bb4_4&Prime; _builder_version=\u00a0\u00bb4.17.4&Prime; _module_preset=\u00a0\u00bbdefault\u00a0\u00bb global_colors_info=\u00a0\u00bb{}\u00a0\u00bb][\/et_pb_column][\/et_pb_row][\/et_pb_section]<\/p>\n","protected":false},"excerpt":{"rendered":"<p>Mat\u00e9riel Informatique &nbsp; Nous vous proposons du Mat\u00e9riel Informatique performant pour r\u00e9pondre au mieux \u00e0 vos besoins en toutes circonstances. Finements s\u00e9lectionn\u00e9s apr\u00e8s une \u00e9tude approfondie de la technologie afin de garantir ainsi toujours plus de performance ! En savoir plus sur nos services RGPD pour configurer au mieux l&rsquo;utilisation de vos produits ?<\/p>\n","protected":false},"author":1,"featured_media":487,"parent":0,"menu_order":0,"comment_status":"closed","ping_status":"closed","template":"","meta":{"_et_pb_use_builder":"on","_et_pb_old_content":"","_et_gb_content_width":"","footnotes":""},"class_list":["post-518","page","type-page","status-publish","has-post-thumbnail","hentry"],"yoast_head":"<!-- This site is optimized with the Yoast SEO plugin v20.4 - https:\/\/yoast.com\/wordpress\/plugins\/seo\/ -->\n<title>Mat\u00e9riel Informatique - Valkyrie.Business<\/title>\n<meta name=\"description\" content=\"Mat\u00e9riel Informatique performants pour r\u00e9pondre au mieux \u00e0 vos besoins en toutes circonstances. Technologies finement s\u00e9lectionn\u00e9es.\" \/>\n<meta name=\"robots\" content=\"index, follow, max-snippet:-1, max-image-preview:large, max-video-preview:-1\" \/>\n<link rel=\"canonical\" href=\"https:\/\/www.valkyrie.business\/index.php\/materiel-informatique\/\" \/>\n<meta property=\"og:locale\" content=\"fr_FR\" \/>\n<meta property=\"og:type\" content=\"article\" \/>\n<meta property=\"og:title\" content=\"Mat\u00e9riel Informatique - Valkyrie.Business\" \/>\n<meta property=\"og:description\" content=\"Mat\u00e9riel Informatique performants pour r\u00e9pondre au mieux \u00e0 vos besoins en toutes circonstances. Technologies finement s\u00e9lectionn\u00e9es.\" \/>\n<meta property=\"og:url\" content=\"https:\/\/www.valkyrie.business\/index.php\/materiel-informatique\/\" \/>\n<meta property=\"og:site_name\" content=\"Valkyrie.Business\" \/>\n<meta property=\"article:modified_time\" content=\"2022-06-01T12:07:40+00:00\" \/>\n<meta property=\"og:image\" content=\"https:\/\/www.valkyrie.business\/wp-content\/uploads\/2022\/05\/cyber-security-06-1.png\" \/>\n\t<meta property=\"og:image:width\" content=\"1000\" \/>\n\t<meta property=\"og:image:height\" content=\"1000\" \/>\n\t<meta property=\"og:image:type\" content=\"image\/png\" \/>\n<meta name=\"twitter:card\" content=\"summary_large_image\" \/>\n<meta name=\"twitter:label1\" content=\"Dur\u00e9e de lecture estim\u00e9e\" \/>\n\t<meta name=\"twitter:data1\" content=\"6 minutes\" \/>\n<script type=\"application\/ld+json\" class=\"yoast-schema-graph\">{\"@context\":\"https:\/\/schema.org\",\"@graph\":[{\"@type\":\"WebPage\",\"@id\":\"https:\/\/www.valkyrie.business\/index.php\/materiel-informatique\/\",\"url\":\"https:\/\/www.valkyrie.business\/index.php\/materiel-informatique\/\",\"name\":\"Mat\u00e9riel Informatique - Valkyrie.Business\",\"isPartOf\":{\"@id\":\"https:\/\/www.valkyrie.business\/#website\"},\"datePublished\":\"2022-05-10T13:46:44+00:00\",\"dateModified\":\"2022-06-01T12:07:40+00:00\",\"description\":\"Mat\u00e9riel Informatique performants pour r\u00e9pondre au mieux \u00e0 vos besoins en toutes circonstances. Technologies finement s\u00e9lectionn\u00e9es.\",\"breadcrumb\":{\"@id\":\"https:\/\/www.valkyrie.business\/index.php\/materiel-informatique\/#breadcrumb\"},\"inLanguage\":\"fr-FR\",\"potentialAction\":[{\"@type\":\"ReadAction\",\"target\":[\"https:\/\/www.valkyrie.business\/index.php\/materiel-informatique\/\"]}]},{\"@type\":\"BreadcrumbList\",\"@id\":\"https:\/\/www.valkyrie.business\/index.php\/materiel-informatique\/#breadcrumb\",\"itemListElement\":[{\"@type\":\"ListItem\",\"position\":1,\"name\":\"Accueil\",\"item\":\"https:\/\/www.valkyrie.business\/\"},{\"@type\":\"ListItem\",\"position\":2,\"name\":\"Mat\u00e9riel Informatique\"}]},{\"@type\":\"WebSite\",\"@id\":\"https:\/\/www.valkyrie.business\/#website\",\"url\":\"https:\/\/www.valkyrie.business\/\",\"name\":\"Valkyrie.Business\",\"description\":\"L&#039;informatique D\u00e9di\u00e9e aux Professionnels\",\"publisher\":{\"@id\":\"https:\/\/www.valkyrie.business\/#organization\"},\"potentialAction\":[{\"@type\":\"SearchAction\",\"target\":{\"@type\":\"EntryPoint\",\"urlTemplate\":\"https:\/\/www.valkyrie.business\/?s={search_term_string}\"},\"query-input\":\"required name=search_term_string\"}],\"inLanguage\":\"fr-FR\"},{\"@type\":\"Organization\",\"@id\":\"https:\/\/www.valkyrie.business\/#organization\",\"name\":\"Valkyrie\",\"url\":\"https:\/\/www.valkyrie.business\/\",\"logo\":{\"@type\":\"ImageObject\",\"inLanguage\":\"fr-FR\",\"@id\":\"https:\/\/www.valkyrie.business\/#\/schema\/logo\/image\/\",\"url\":\"http:\/\/www.valkyrie.business\/wp-content\/uploads\/2022\/05\/logoname-2.webp\",\"contentUrl\":\"http:\/\/www.valkyrie.business\/wp-content\/uploads\/2022\/05\/logoname-2.webp\",\"width\":2534,\"height\":610,\"caption\":\"Valkyrie\"},\"image\":{\"@id\":\"https:\/\/www.valkyrie.business\/#\/schema\/logo\/image\/\"}}]}<\/script>\n<!-- \/ Yoast SEO plugin. -->","yoast_head_json":{"title":"Mat\u00e9riel Informatique - Valkyrie.Business","description":"Mat\u00e9riel Informatique performants pour r\u00e9pondre au mieux \u00e0 vos besoins en toutes circonstances. Technologies finement s\u00e9lectionn\u00e9es.","robots":{"index":"index","follow":"follow","max-snippet":"max-snippet:-1","max-image-preview":"max-image-preview:large","max-video-preview":"max-video-preview:-1"},"canonical":"https:\/\/www.valkyrie.business\/index.php\/materiel-informatique\/","og_locale":"fr_FR","og_type":"article","og_title":"Mat\u00e9riel Informatique - Valkyrie.Business","og_description":"Mat\u00e9riel Informatique performants pour r\u00e9pondre au mieux \u00e0 vos besoins en toutes circonstances. Technologies finement s\u00e9lectionn\u00e9es.","og_url":"https:\/\/www.valkyrie.business\/index.php\/materiel-informatique\/","og_site_name":"Valkyrie.Business","article_modified_time":"2022-06-01T12:07:40+00:00","og_image":[{"width":1000,"height":1000,"url":"https:\/\/www.valkyrie.business\/wp-content\/uploads\/2022\/05\/cyber-security-06-1.png","type":"image\/png"}],"twitter_card":"summary_large_image","twitter_misc":{"Dur\u00e9e de lecture estim\u00e9e":"6 minutes"},"schema":{"@context":"https:\/\/schema.org","@graph":[{"@type":"WebPage","@id":"https:\/\/www.valkyrie.business\/index.php\/materiel-informatique\/","url":"https:\/\/www.valkyrie.business\/index.php\/materiel-informatique\/","name":"Mat\u00e9riel Informatique - Valkyrie.Business","isPartOf":{"@id":"https:\/\/www.valkyrie.business\/#website"},"datePublished":"2022-05-10T13:46:44+00:00","dateModified":"2022-06-01T12:07:40+00:00","description":"Mat\u00e9riel Informatique performants pour r\u00e9pondre au mieux \u00e0 vos besoins en toutes circonstances. Technologies finement s\u00e9lectionn\u00e9es.","breadcrumb":{"@id":"https:\/\/www.valkyrie.business\/index.php\/materiel-informatique\/#breadcrumb"},"inLanguage":"fr-FR","potentialAction":[{"@type":"ReadAction","target":["https:\/\/www.valkyrie.business\/index.php\/materiel-informatique\/"]}]},{"@type":"BreadcrumbList","@id":"https:\/\/www.valkyrie.business\/index.php\/materiel-informatique\/#breadcrumb","itemListElement":[{"@type":"ListItem","position":1,"name":"Accueil","item":"https:\/\/www.valkyrie.business\/"},{"@type":"ListItem","position":2,"name":"Mat\u00e9riel Informatique"}]},{"@type":"WebSite","@id":"https:\/\/www.valkyrie.business\/#website","url":"https:\/\/www.valkyrie.business\/","name":"Valkyrie.Business","description":"L&#039;informatique D\u00e9di\u00e9e aux Professionnels","publisher":{"@id":"https:\/\/www.valkyrie.business\/#organization"},"potentialAction":[{"@type":"SearchAction","target":{"@type":"EntryPoint","urlTemplate":"https:\/\/www.valkyrie.business\/?s={search_term_string}"},"query-input":"required name=search_term_string"}],"inLanguage":"fr-FR"},{"@type":"Organization","@id":"https:\/\/www.valkyrie.business\/#organization","name":"Valkyrie","url":"https:\/\/www.valkyrie.business\/","logo":{"@type":"ImageObject","inLanguage":"fr-FR","@id":"https:\/\/www.valkyrie.business\/#\/schema\/logo\/image\/","url":"http:\/\/www.valkyrie.business\/wp-content\/uploads\/2022\/05\/logoname-2.webp","contentUrl":"http:\/\/www.valkyrie.business\/wp-content\/uploads\/2022\/05\/logoname-2.webp","width":2534,"height":610,"caption":"Valkyrie"},"image":{"@id":"https:\/\/www.valkyrie.business\/#\/schema\/logo\/image\/"}}]}},"_links":{"self":[{"href":"https:\/\/www.valkyrie.business\/index.php\/wp-json\/wp\/v2\/pages\/518","targetHints":{"allow":["GET"]}}],"collection":[{"href":"https:\/\/www.valkyrie.business\/index.php\/wp-json\/wp\/v2\/pages"}],"about":[{"href":"https:\/\/www.valkyrie.business\/index.php\/wp-json\/wp\/v2\/types\/page"}],"author":[{"embeddable":true,"href":"https:\/\/www.valkyrie.business\/index.php\/wp-json\/wp\/v2\/users\/1"}],"replies":[{"embeddable":true,"href":"https:\/\/www.valkyrie.business\/index.php\/wp-json\/wp\/v2\/comments?post=518"}],"version-history":[{"count":7,"href":"https:\/\/www.valkyrie.business\/index.php\/wp-json\/wp\/v2\/pages\/518\/revisions"}],"predecessor-version":[{"id":1578,"href":"https:\/\/www.valkyrie.business\/index.php\/wp-json\/wp\/v2\/pages\/518\/revisions\/1578"}],"wp:featuredmedia":[{"embeddable":true,"href":"https:\/\/www.valkyrie.business\/index.php\/wp-json\/wp\/v2\/media\/487"}],"wp:attachment":[{"href":"https:\/\/www.valkyrie.business\/index.php\/wp-json\/wp\/v2\/media?parent=518"}],"curies":[{"name":"wp","href":"https:\/\/api.w.org\/{rel}","templated":true}]}}