{"id":46,"date":"2022-05-05T19:17:39","date_gmt":"2022-05-05T17:17:39","guid":{"rendered":"http:\/\/www.valkyrie.business\/?page_id=46"},"modified":"2022-06-01T14:50:13","modified_gmt":"2022-06-01T12:50:13","slug":"mise-en-conformite-rgpd","status":"publish","type":"page","link":"https:\/\/www.valkyrie.business\/index.php\/mise-en-conformite-rgpd\/","title":{"rendered":"Mise en Conformit\u00e9 RGPD"},"content":{"rendered":"<p>[et_pb_section fb_built=\u00a0\u00bb1&Prime; admin_label=\u00a0\u00bbHeader\u00a0\u00bb _builder_version=\u00a0\u00bb4.16&Prime; _module_preset=\u00a0\u00bbdefault\u00a0\u00bb use_background_color_gradient=\u00a0\u00bbon\u00a0\u00bb background_color_gradient_type=\u00a0\u00bbcircular\u00a0\u00bb background_color_gradient_direction_radial=\u00a0\u00bbtop right\u00a0\u00bb background_color_gradient_stops=\u00a0\u00bb#00ffd8 0%|#0029e2 100%\u00a0\u00bb background_color_gradient_start=\u00a0\u00bb#00ffd8&Prime; background_color_gradient_end=\u00a0\u00bb#0029e2&Prime; background_image=\u00a0\u00bbhttps:\/\/www.valkyrie.business\/wp-content\/uploads\/2022\/05\/cyber-security-17.png\u00a0\u00bb parallax=\u00a0\u00bbon\u00a0\u00bb custom_padding=\u00a0\u00bb2vw|||||\u00a0\u00bb locked=\u00a0\u00bboff\u00a0\u00bb global_colors_info=\u00a0\u00bb{}\u00a0\u00bb][et_pb_row column_structure=\u00a0\u00bb1_2,1_2&Prime; _builder_version=\u00a0\u00bb4.16&Prime; _module_preset=\u00a0\u00bbdefault\u00a0\u00bb z_index=\u00a0\u00bb1&Prime; custom_padding=\u00a0\u00bb||125px|||\u00a0\u00bb global_colors_info=\u00a0\u00bb{}\u00a0\u00bb][et_pb_column type=\u00a0\u00bb1_2&Prime; _builder_version=\u00a0\u00bb4.16&Prime; _module_preset=\u00a0\u00bbdefault\u00a0\u00bb global_colors_info=\u00a0\u00bb{}\u00a0\u00bb][et_pb_text _builder_version=\u00a0\u00bb4.17.4&Prime; _module_preset=\u00a0\u00bbdefault\u00a0\u00bb text_font=\u00a0\u00bb||||||||\u00a0\u00bb animation_style=\u00a0\u00bbflip\u00a0\u00bb animation_direction=\u00a0\u00bbcenter\u00a0\u00bb animation_duration=\u00a0\u00bb400ms\u00a0\u00bb locked=\u00a0\u00bboff\u00a0\u00bb global_colors_info=\u00a0\u00bb{}\u00a0\u00bb]<\/p>\n<h1><span style=\"text-decoration: underline;\"><span style=\"font-size: xx-large;\">Mise en Conformit\u00e9 RGPD<\/span><\/span><\/h1>\n<p>[\/et_pb_text][et_pb_text _builder_version=\u00a0\u00bb4.17.4&Prime; _module_preset=\u00a0\u00bbdefault\u00a0\u00bb text_font=\u00a0\u00bbOverpass|300|||||||\u00a0\u00bb text_font_size=\u00a0\u00bb17px\u00a0\u00bb text_line_height=\u00a0\u00bb1.8em\u00a0\u00bb animation_direction=\u00a0\u00bbleft\u00a0\u00bb text_font_size_tablet=\u00a0\u00bb\u00a0\u00bb text_font_size_phone=\u00a0\u00bb14px\u00a0\u00bb text_font_size_last_edited=\u00a0\u00bbon|desktop\u00a0\u00bb locked=\u00a0\u00bboff\u00a0\u00bb global_colors_info=\u00a0\u00bb{}\u00a0\u00bb]<\/p>\n<p style=\"text-align: center;\"><span style=\"font-size: x-large;\"><\/span><\/p>\n<p style=\"text-align: center;\"><span style=\"font-size: x-large;\">D\u00e9couvrez nos solutions de mise en conformit\u00e9 de la protection des donn\u00e9es (<a href=\"https:\/\/www.valkyrie.business\/index.php\/2022\/05\/27\/rgpd\/\"><span style=\"text-decoration: underline; color: #ffffff;\">RGPD<\/span><\/a>) destin\u00e9es aux professionnels.<\/span><span style=\"font-size: x-large;\"><\/span><\/p>\n<p style=\"text-align: center;\"><span style=\"font-size: x-large;\"><\/span><\/p>\n<p style=\"text-align: center;\"><span style=\"font-size: x-large;\"><\/span><\/p>\n<h2 style=\"text-align: center;\"><span style=\"color: #ffffff;\"><strong>Organisation Des Processus Internes<\/strong><\/span><span style=\"font-size: large;\"><\/span><span style=\"font-size: x-large;\"><\/span><span style=\"font-size: large;\"><\/span><\/h2>\n<p><span style=\"color: #ffffff;\"><strong><\/strong><\/span><\/p>\n<p style=\"text-align: center;\"><span style=\"font-size: x-large;\">Valkyrie vous accompagne et modernise vos projets pour une gestion num\u00e9rique et performante de votre entreprise en accord avec la probl\u00e9matique RGPD et les directives pr\u00e9conis\u00e9es par la <span style=\"text-decoration: underline; color: #ffffff;\"><a href=\"https:\/\/www.cnil.fr\/professionnel\" style=\"color: #ffffff; text-decoration: underline;\">CNIL<\/a><\/span>.\u00a0<\/span><\/p>\n<p>[\/et_pb_text][et_pb_button button_url=\u00a0\u00bbhttps:\/\/www.valkyrie.business\/index.php\/contact\/\u00a0\u00bb button_text=\u00a0\u00bbDemander un Devis\u00a0\u00bb button_alignment=\u00a0\u00bbcenter\u00a0\u00bb _builder_version=\u00a0\u00bb4.17.4&Prime; _module_preset=\u00a0\u00bbdefault\u00a0\u00bb custom_button=\u00a0\u00bbon\u00a0\u00bb button_text_size=\u00a0\u00bb14px\u00a0\u00bb button_text_color=\u00a0\u00bb#ffffff\u00a0\u00bb button_bg_color=\u00a0\u00bb#47d7ff\u00a0\u00bb button_border_width=\u00a0\u00bb0px\u00a0\u00bb button_border_radius=\u00a0\u00bb100px\u00a0\u00bb button_font=\u00a0\u00bbOverpass|900||on|||||\u00a0\u00bb button_use_icon=\u00a0\u00bboff\u00a0\u00bb custom_padding=\u00a0\u00bb20px|30px|20px|30px|true|true\u00a0\u00bb animation_style=\u00a0\u00bbslide\u00a0\u00bb animation_direction=\u00a0\u00bbleft\u00a0\u00bb box_shadow_style=\u00a0\u00bbpreset3&Prime; box_shadow_vertical=\u00a0\u00bb20px\u00a0\u00bb box_shadow_blur=\u00a0\u00bb40px\u00a0\u00bb box_shadow_spread=\u00a0\u00bb-10px\u00a0\u00bb box_shadow_color=\u00a0\u00bbrgba(23,102,193,0.46)\u00a0\u00bb locked=\u00a0\u00bboff\u00a0\u00bb global_colors_info=\u00a0\u00bb{}\u00a0\u00bb box_shadow_color__hover=\u00a0\u00bb#2585b2&Prime; box_shadow_blur__hover_enabled=\u00a0\u00bbon\u00a0\u00bb box_shadow_blur__hover=\u00a0\u00bb20px\u00a0\u00bb box_shadow_vertical__hover_enabled=\u00a0\u00bbon\u00a0\u00bb box_shadow_vertical__hover=\u00a0\u00bb10px\u00a0\u00bb][\/et_pb_button][\/et_pb_column][et_pb_column type=\u00a0\u00bb1_2&Prime; _builder_version=\u00a0\u00bb4.16&Prime; _module_preset=\u00a0\u00bbdefault\u00a0\u00bb global_colors_info=\u00a0\u00bb{}\u00a0\u00bb][et_pb_image src=\u00a0\u00bbhttps:\/\/www.valkyrie.business\/wp-content\/uploads\/2022\/05\/cyber-security-07-2.png\u00a0\u00bb title_text=\u00a0\u00bbcyber-security-07-2&Prime; _builder_version=\u00a0\u00bb4.17.3&Prime; _module_preset=\u00a0\u00bbdefault\u00a0\u00bb custom_padding=\u00a0\u00bb37px|||||\u00a0\u00bb animation_style=\u00a0\u00bbslide\u00a0\u00bb animation_direction=\u00a0\u00bbright\u00a0\u00bb global_colors_info=\u00a0\u00bb{}\u00a0\u00bb][\/et_pb_image][\/et_pb_column][\/et_pb_row][et_pb_row column_structure=\u00a0\u00bb1_3,1_3,1_3&Prime; _builder_version=\u00a0\u00bb4.17.3&Prime; _module_preset=\u00a0\u00bbdefault\u00a0\u00bb background_color=\u00a0\u00bb#FFFFFF\u00a0\u00bb custom_padding=\u00a0\u00bb35px|35px|35px|35px||\u00a0\u00bb border_radii=\u00a0\u00bbon|10px|10px|10px|10px\u00a0\u00bb global_colors_info=\u00a0\u00bb{}\u00a0\u00bb][et_pb_column type=\u00a0\u00bb1_3&Prime; _builder_version=\u00a0\u00bb4.17.3&Prime; _module_preset=\u00a0\u00bbdefault\u00a0\u00bb global_colors_info=\u00a0\u00bb{}\u00a0\u00bb][et_pb_image src=\u00a0\u00bbhttps:\/\/www.valkyrie.business\/wp-content\/uploads\/2022\/05\/cyber-security-icon-6.png\u00a0\u00bb title_text=\u00a0\u00bbcyber-security-icon-6&Prime; align=\u00a0\u00bbcenter\u00a0\u00bb _builder_version=\u00a0\u00bb4.17.3&Prime; _module_preset=\u00a0\u00bbdefault\u00a0\u00bb animation_style=\u00a0\u00bbroll\u00a0\u00bb animation_direction=\u00a0\u00bbleft\u00a0\u00bb global_colors_info=\u00a0\u00bb{}\u00a0\u00bb][\/et_pb_image][et_pb_blurb title=\u00a0\u00bbConserver les donn\u00e9es\u00a0\u00a0\u00bb _builder_version=\u00a0\u00bb4.17.3&Prime; _module_preset=\u00a0\u00bbdefault\u00a0\u00bb header_font=\u00a0\u00bbOverpass|900|||||||\u00a0\u00bb header_line_height=\u00a0\u00bb1.4em\u00a0\u00bb body_font=\u00a0\u00bbOverpass|300|||||||\u00a0\u00bb body_font_size=\u00a0\u00bb22px\u00a0\u00bb body_line_height=\u00a0\u00bb1.8em\u00a0\u00bb text_orientation=\u00a0\u00bbcenter\u00a0\u00bb locked=\u00a0\u00bboff\u00a0\u00bb global_colors_info=\u00a0\u00bb{}\u00a0\u00bb]<\/p>\n<h4 class=\"et_pb_module_header et-fb-editable-element et-fb-editable-element et-fb-editable-element__editing\" data-shortcode-id=\"2.1.0.1-1654087666315\" data-quickaccess-id=\"header\" contenteditable=\"true\">en s\u00e9curit\u00e9<\/h4>\n<p><span style=\"font-size: large;\">Contr\u00f4les, v\u00e9rifications et s\u00e9curisations des acc\u00e8s informatiques, <\/span><\/p>\n<p><strong><span style=\"font-size: large;\">Sauvegardes et cryptages de donn\u00e9es.<\/span><\/strong><\/p>\n<p>[\/et_pb_blurb][et_pb_image src=\u00a0\u00bbhttps:\/\/www.valkyrie.business\/wp-content\/uploads\/2022\/05\/cyber-security-icon-16.png\u00a0\u00bb title_text=\u00a0\u00bbcyber-security-icon-16&Prime; align=\u00a0\u00bbcenter\u00a0\u00bb _builder_version=\u00a0\u00bb4.17.3&Prime; _module_preset=\u00a0\u00bbdefault\u00a0\u00bb animation_style=\u00a0\u00bbroll\u00a0\u00bb animation_direction=\u00a0\u00bbleft\u00a0\u00bb global_colors_info=\u00a0\u00bb{}\u00a0\u00bb][\/et_pb_image][et_pb_blurb title=\u00a0\u00bbProcessus Informatis\u00e9s\u00a0\u00bb _builder_version=\u00a0\u00bb4.17.3&Prime; _module_preset=\u00a0\u00bbdefault\u00a0\u00bb header_font=\u00a0\u00bbOverpass|900|||||||\u00a0\u00bb header_line_height=\u00a0\u00bb1.4em\u00a0\u00bb body_font=\u00a0\u00bbOverpass|300|||||||\u00a0\u00bb body_font_size=\u00a0\u00bb22px\u00a0\u00bb body_line_height=\u00a0\u00bb1.8em\u00a0\u00bb text_orientation=\u00a0\u00bbcenter\u00a0\u00bb locked=\u00a0\u00bboff\u00a0\u00bb global_colors_info=\u00a0\u00bb{}\u00a0\u00bb]<\/p>\n<p><span style=\"font-size: large;\">Ajustements pratiques et fonctionnels adapt\u00e9 \u00e0 votre activit\u00e9 professionnelle gr\u00e2ce \u00e0 nos nombreuses solutions.<\/span><\/p>\n<p>[\/et_pb_blurb][\/et_pb_column][et_pb_column type=\u00a0\u00bb1_3&Prime; _builder_version=\u00a0\u00bb4.17.3&Prime; _module_preset=\u00a0\u00bbdefault\u00a0\u00bb global_colors_info=\u00a0\u00bb{}\u00a0\u00bb][et_pb_image src=\u00a0\u00bbhttps:\/\/www.valkyrie.business\/wp-content\/uploads\/2022\/05\/cyber-security-icon-15.png\u00a0\u00bb title_text=\u00a0\u00bbcyber-security-icon-15&Prime; align=\u00a0\u00bbcenter\u00a0\u00bb _builder_version=\u00a0\u00bb4.17.3&Prime; _module_preset=\u00a0\u00bbdefault\u00a0\u00bb animation_style=\u00a0\u00bbroll\u00a0\u00bb global_colors_info=\u00a0\u00bb{}\u00a0\u00bb][\/et_pb_image][et_pb_blurb title=\u00a0\u00bbVeille \u00e0 conserver le minima de donn\u00e9es personnelles\u00a0\u00bb _builder_version=\u00a0\u00bb4.17.3&Prime; _module_preset=\u00a0\u00bbdefault\u00a0\u00bb header_font=\u00a0\u00bbOverpass|900|||||||\u00a0\u00bb header_line_height=\u00a0\u00bb1.4em\u00a0\u00bb body_font=\u00a0\u00bbOverpass|300|||||||\u00a0\u00bb body_font_size=\u00a0\u00bb22px\u00a0\u00bb body_line_height=\u00a0\u00bb1.8em\u00a0\u00bb text_orientation=\u00a0\u00bbcenter\u00a0\u00bb custom_padding=\u00a0\u00bb||0px|||\u00a0\u00bb locked=\u00a0\u00bboff\u00a0\u00bb global_colors_info=\u00a0\u00bb{}\u00a0\u00bb]<\/p>\n<p><span style=\"font-size: large;\">Gestion de la probl\u00e9matique RGPD dans son ensemble. <\/span><\/p>\n<p><span style=\"font-size: large;\"><strong><\/strong><\/span><\/p>\n<p><span style=\"font-size: large;\"><strong><\/strong><\/span><\/p>\n<p><span style=\"font-size: large;\"><strong>Audits, Cartographie, <\/strong><\/span><strong><span style=\"font-size: large;\">Tenue du registre RGPD.<\/span><\/strong><\/p>\n<p>[\/et_pb_blurb][et_pb_image src=\u00a0\u00bbhttps:\/\/www.valkyrie.business\/wp-content\/uploads\/2022\/05\/cyber-security-icon-41.png\u00a0\u00bb title_text=\u00a0\u00bbcyber-security-icon-41&Prime; align=\u00a0\u00bbcenter\u00a0\u00bb _builder_version=\u00a0\u00bb4.17.3&Prime; _module_preset=\u00a0\u00bbdefault\u00a0\u00bb animation_style=\u00a0\u00bbroll\u00a0\u00bb global_colors_info=\u00a0\u00bb{}\u00a0\u00bb][\/et_pb_image][et_pb_blurb title=\u00a0\u00bbGestion des consentements et droits\u00a0\u00bb _builder_version=\u00a0\u00bb4.17.3&Prime; _module_preset=\u00a0\u00bbdefault\u00a0\u00bb header_font=\u00a0\u00bbOverpass|900|||||||\u00a0\u00bb header_line_height=\u00a0\u00bb1.4em\u00a0\u00bb body_font=\u00a0\u00bbOverpass|300|||||||\u00a0\u00bb body_font_size=\u00a0\u00bb22px\u00a0\u00bb body_line_height=\u00a0\u00bb1.8em\u00a0\u00bb text_orientation=\u00a0\u00bbcenter\u00a0\u00bb locked=\u00a0\u00bboff\u00a0\u00bb global_colors_info=\u00a0\u00bb{}\u00a0\u00bb]<\/p>\n<p><span style=\"font-size: large;\">Le personnel est sensibilis\u00e9 \u00e0 la probl\u00e9matique RGPD afin de garantir la bonne gestion en mati\u00e8re de donn\u00e9es et de consentements.<\/span><\/p>\n<p>[\/et_pb_blurb][\/et_pb_column][et_pb_column type=\u00a0\u00bb1_3&Prime; _builder_version=\u00a0\u00bb4.17.3&Prime; _module_preset=\u00a0\u00bbdefault\u00a0\u00bb global_colors_info=\u00a0\u00bb{}\u00a0\u00bb][et_pb_image src=\u00a0\u00bbhttps:\/\/www.valkyrie.business\/wp-content\/uploads\/2022\/05\/cyber-security-icon-2.png\u00a0\u00bb title_text=\u00a0\u00bbcyber-security-icon-2&Prime; align=\u00a0\u00bbcenter\u00a0\u00bb _builder_version=\u00a0\u00bb4.17.3&Prime; _module_preset=\u00a0\u00bbdefault\u00a0\u00bb animation_style=\u00a0\u00bbroll\u00a0\u00bb animation_direction=\u00a0\u00bbright\u00a0\u00bb global_colors_info=\u00a0\u00bb{}\u00a0\u00bb][\/et_pb_image][et_pb_blurb title=\u00a0\u00bbArchivage par Num\u00e9risation et destruction \u00a0\u00bb _builder_version=\u00a0\u00bb4.17.3&Prime; _module_preset=\u00a0\u00bbdefault\u00a0\u00bb header_font=\u00a0\u00bbOverpass|900|||||||\u00a0\u00bb header_line_height=\u00a0\u00bb1.4em\u00a0\u00bb body_font=\u00a0\u00bbOverpass|300|||||||\u00a0\u00bb body_font_size=\u00a0\u00bb22px\u00a0\u00bb body_line_height=\u00a0\u00bb1.8em\u00a0\u00bb text_orientation=\u00a0\u00bbcenter\u00a0\u00bb custom_margin=\u00a0\u00bb||90px|||\u00a0\u00bb locked=\u00a0\u00bboff\u00a0\u00bb global_colors_info=\u00a0\u00bb{}\u00a0\u00bb]<\/p>\n<p><span style=\"font-size: large;\">Afin de garantir le droit d&rsquo;acc\u00e8s aux donn\u00e9es en toutes circonstances gr\u00e2ce aux copies multiples crypt\u00e9es.<\/span><\/p>\n<p><span style=\"font-size: large;\">\u00a0<\/span><\/p>\n<p>[\/et_pb_blurb][et_pb_image src=\u00a0\u00bbhttps:\/\/www.valkyrie.business\/wp-content\/uploads\/2022\/05\/cyber-security-icon-28.png\u00a0\u00bb title_text=\u00a0\u00bbcyber-security-icon-28&Prime; align=\u00a0\u00bbcenter\u00a0\u00bb _builder_version=\u00a0\u00bb4.17.3&Prime; _module_preset=\u00a0\u00bbdefault\u00a0\u00bb animation_style=\u00a0\u00bbroll\u00a0\u00bb animation_direction=\u00a0\u00bbright\u00a0\u00bb global_colors_info=\u00a0\u00bb{}\u00a0\u00bb custom_margin=\u00a0\u00bb-20px|||||\u00a0\u00bb][\/et_pb_image][et_pb_blurb title=\u00a0\u00bbS\u00e9curisation Syst\u00e8mes et R\u00e9seaux\u00a0\u00bb _builder_version=\u00a0\u00bb4.17.3&Prime; _module_preset=\u00a0\u00bbdefault\u00a0\u00bb header_font=\u00a0\u00bbOverpass|900|||||||\u00a0\u00bb header_line_height=\u00a0\u00bb1.4em\u00a0\u00bb body_font=\u00a0\u00bbOverpass|300|||||||\u00a0\u00bb body_font_size=\u00a0\u00bb22px\u00a0\u00bb body_line_height=\u00a0\u00bb1.8em\u00a0\u00bb text_orientation=\u00a0\u00bbcenter\u00a0\u00bb locked=\u00a0\u00bboff\u00a0\u00bb global_colors_info=\u00a0\u00bb{}\u00a0\u00bb]<\/p>\n<p><span style=\"font-size: large;\">Pr\u00e9venir contre vol et la perte de donn\u00e9es. D\u00e9tection des fuites de donn\u00e9es.<\/span><\/p>\n<p><span style=\"font-size: large;\"><strong>G\u00e9rer les risques.<\/strong><\/span><\/p>\n<p><span style=\"font-size: large;\"><\/span><\/p>\n<p>[\/et_pb_blurb][\/et_pb_column][\/et_pb_row][\/et_pb_section]<\/p>\n","protected":false},"excerpt":{"rendered":"<p>Mise en Conformit\u00e9 RGPD D\u00e9couvrez nos solutions de mise en conformit\u00e9 de la protection des donn\u00e9es (RGPD) destin\u00e9es aux professionnels. Organisation Des Processus Internes Valkyrie vous accompagne et modernise vos projets pour une gestion num\u00e9rique et performante de votre entreprise en accord avec la probl\u00e9matique RGPD et les directives pr\u00e9conis\u00e9es par la CNIL.\u00a0en s\u00e9curit\u00e9 Contr\u00f4les, [&hellip;]<\/p>\n","protected":false},"author":1,"featured_media":296,"parent":0,"menu_order":0,"comment_status":"closed","ping_status":"closed","template":"","meta":{"_et_pb_use_builder":"on","_et_pb_old_content":"","_et_gb_content_width":"","footnotes":""},"class_list":["post-46","page","type-page","status-publish","has-post-thumbnail","hentry"],"yoast_head":"<!-- This site is optimized with the Yoast SEO plugin v20.4 - https:\/\/yoast.com\/wordpress\/plugins\/seo\/ -->\n<title>Mise en Conformit\u00e9 RGPD - Valkyrie.Business<\/title>\n<meta name=\"description\" content=\"Mise en Conformit\u00e9 RGPD - D\u00e9couvrez nos solutions de mise en conformit\u00e9 de la protection des donn\u00e9es destin\u00e9es aux professionnels.\" \/>\n<meta name=\"robots\" content=\"index, follow, max-snippet:-1, max-image-preview:large, max-video-preview:-1\" \/>\n<link rel=\"canonical\" href=\"https:\/\/www.valkyrie.business\/index.php\/mise-en-conformite-rgpd\/\" \/>\n<meta property=\"og:locale\" content=\"fr_FR\" \/>\n<meta property=\"og:type\" content=\"article\" \/>\n<meta property=\"og:title\" content=\"Mise en Conformit\u00e9 RGPD - Valkyrie.Business\" \/>\n<meta property=\"og:description\" content=\"Mise en Conformit\u00e9 RGPD - D\u00e9couvrez nos solutions de mise en conformit\u00e9 de la protection des donn\u00e9es destin\u00e9es aux professionnels.\" \/>\n<meta property=\"og:url\" content=\"https:\/\/www.valkyrie.business\/index.php\/mise-en-conformite-rgpd\/\" \/>\n<meta property=\"og:site_name\" content=\"Valkyrie.Business\" \/>\n<meta property=\"article:modified_time\" content=\"2022-06-01T12:50:13+00:00\" \/>\n<meta property=\"og:image\" content=\"https:\/\/www.valkyrie.business\/wp-content\/uploads\/2022\/05\/cyber-security-07-2.png\" \/>\n\t<meta property=\"og:image:width\" content=\"1000\" \/>\n\t<meta property=\"og:image:height\" content=\"1000\" \/>\n\t<meta property=\"og:image:type\" content=\"image\/png\" \/>\n<meta name=\"twitter:card\" content=\"summary_large_image\" \/>\n<meta name=\"twitter:label1\" content=\"Dur\u00e9e de lecture estim\u00e9e\" \/>\n\t<meta name=\"twitter:data1\" content=\"5 minutes\" \/>\n<script type=\"application\/ld+json\" class=\"yoast-schema-graph\">{\"@context\":\"https:\/\/schema.org\",\"@graph\":[{\"@type\":\"WebPage\",\"@id\":\"https:\/\/www.valkyrie.business\/index.php\/mise-en-conformite-rgpd\/\",\"url\":\"https:\/\/www.valkyrie.business\/index.php\/mise-en-conformite-rgpd\/\",\"name\":\"Mise en Conformit\u00e9 RGPD - Valkyrie.Business\",\"isPartOf\":{\"@id\":\"https:\/\/www.valkyrie.business\/#website\"},\"datePublished\":\"2022-05-05T17:17:39+00:00\",\"dateModified\":\"2022-06-01T12:50:13+00:00\",\"description\":\"Mise en Conformit\u00e9 RGPD - D\u00e9couvrez nos solutions de mise en conformit\u00e9 de la protection des donn\u00e9es destin\u00e9es aux professionnels.\",\"breadcrumb\":{\"@id\":\"https:\/\/www.valkyrie.business\/index.php\/mise-en-conformite-rgpd\/#breadcrumb\"},\"inLanguage\":\"fr-FR\",\"potentialAction\":[{\"@type\":\"ReadAction\",\"target\":[\"https:\/\/www.valkyrie.business\/index.php\/mise-en-conformite-rgpd\/\"]}]},{\"@type\":\"BreadcrumbList\",\"@id\":\"https:\/\/www.valkyrie.business\/index.php\/mise-en-conformite-rgpd\/#breadcrumb\",\"itemListElement\":[{\"@type\":\"ListItem\",\"position\":1,\"name\":\"Accueil\",\"item\":\"https:\/\/www.valkyrie.business\/\"},{\"@type\":\"ListItem\",\"position\":2,\"name\":\"Mise en Conformit\u00e9 RGPD\"}]},{\"@type\":\"WebSite\",\"@id\":\"https:\/\/www.valkyrie.business\/#website\",\"url\":\"https:\/\/www.valkyrie.business\/\",\"name\":\"Valkyrie.Business\",\"description\":\"L&#039;informatique D\u00e9di\u00e9e aux Professionnels\",\"publisher\":{\"@id\":\"https:\/\/www.valkyrie.business\/#organization\"},\"potentialAction\":[{\"@type\":\"SearchAction\",\"target\":{\"@type\":\"EntryPoint\",\"urlTemplate\":\"https:\/\/www.valkyrie.business\/?s={search_term_string}\"},\"query-input\":\"required name=search_term_string\"}],\"inLanguage\":\"fr-FR\"},{\"@type\":\"Organization\",\"@id\":\"https:\/\/www.valkyrie.business\/#organization\",\"name\":\"Valkyrie\",\"url\":\"https:\/\/www.valkyrie.business\/\",\"logo\":{\"@type\":\"ImageObject\",\"inLanguage\":\"fr-FR\",\"@id\":\"https:\/\/www.valkyrie.business\/#\/schema\/logo\/image\/\",\"url\":\"http:\/\/www.valkyrie.business\/wp-content\/uploads\/2022\/05\/logoname-2.webp\",\"contentUrl\":\"http:\/\/www.valkyrie.business\/wp-content\/uploads\/2022\/05\/logoname-2.webp\",\"width\":2534,\"height\":610,\"caption\":\"Valkyrie\"},\"image\":{\"@id\":\"https:\/\/www.valkyrie.business\/#\/schema\/logo\/image\/\"}}]}<\/script>\n<!-- \/ Yoast SEO plugin. -->","yoast_head_json":{"title":"Mise en Conformit\u00e9 RGPD - Valkyrie.Business","description":"Mise en Conformit\u00e9 RGPD - D\u00e9couvrez nos solutions de mise en conformit\u00e9 de la protection des donn\u00e9es destin\u00e9es aux professionnels.","robots":{"index":"index","follow":"follow","max-snippet":"max-snippet:-1","max-image-preview":"max-image-preview:large","max-video-preview":"max-video-preview:-1"},"canonical":"https:\/\/www.valkyrie.business\/index.php\/mise-en-conformite-rgpd\/","og_locale":"fr_FR","og_type":"article","og_title":"Mise en Conformit\u00e9 RGPD - Valkyrie.Business","og_description":"Mise en Conformit\u00e9 RGPD - D\u00e9couvrez nos solutions de mise en conformit\u00e9 de la protection des donn\u00e9es destin\u00e9es aux professionnels.","og_url":"https:\/\/www.valkyrie.business\/index.php\/mise-en-conformite-rgpd\/","og_site_name":"Valkyrie.Business","article_modified_time":"2022-06-01T12:50:13+00:00","og_image":[{"width":1000,"height":1000,"url":"https:\/\/www.valkyrie.business\/wp-content\/uploads\/2022\/05\/cyber-security-07-2.png","type":"image\/png"}],"twitter_card":"summary_large_image","twitter_misc":{"Dur\u00e9e de lecture estim\u00e9e":"5 minutes"},"schema":{"@context":"https:\/\/schema.org","@graph":[{"@type":"WebPage","@id":"https:\/\/www.valkyrie.business\/index.php\/mise-en-conformite-rgpd\/","url":"https:\/\/www.valkyrie.business\/index.php\/mise-en-conformite-rgpd\/","name":"Mise en Conformit\u00e9 RGPD - Valkyrie.Business","isPartOf":{"@id":"https:\/\/www.valkyrie.business\/#website"},"datePublished":"2022-05-05T17:17:39+00:00","dateModified":"2022-06-01T12:50:13+00:00","description":"Mise en Conformit\u00e9 RGPD - D\u00e9couvrez nos solutions de mise en conformit\u00e9 de la protection des donn\u00e9es destin\u00e9es aux professionnels.","breadcrumb":{"@id":"https:\/\/www.valkyrie.business\/index.php\/mise-en-conformite-rgpd\/#breadcrumb"},"inLanguage":"fr-FR","potentialAction":[{"@type":"ReadAction","target":["https:\/\/www.valkyrie.business\/index.php\/mise-en-conformite-rgpd\/"]}]},{"@type":"BreadcrumbList","@id":"https:\/\/www.valkyrie.business\/index.php\/mise-en-conformite-rgpd\/#breadcrumb","itemListElement":[{"@type":"ListItem","position":1,"name":"Accueil","item":"https:\/\/www.valkyrie.business\/"},{"@type":"ListItem","position":2,"name":"Mise en Conformit\u00e9 RGPD"}]},{"@type":"WebSite","@id":"https:\/\/www.valkyrie.business\/#website","url":"https:\/\/www.valkyrie.business\/","name":"Valkyrie.Business","description":"L&#039;informatique D\u00e9di\u00e9e aux Professionnels","publisher":{"@id":"https:\/\/www.valkyrie.business\/#organization"},"potentialAction":[{"@type":"SearchAction","target":{"@type":"EntryPoint","urlTemplate":"https:\/\/www.valkyrie.business\/?s={search_term_string}"},"query-input":"required name=search_term_string"}],"inLanguage":"fr-FR"},{"@type":"Organization","@id":"https:\/\/www.valkyrie.business\/#organization","name":"Valkyrie","url":"https:\/\/www.valkyrie.business\/","logo":{"@type":"ImageObject","inLanguage":"fr-FR","@id":"https:\/\/www.valkyrie.business\/#\/schema\/logo\/image\/","url":"http:\/\/www.valkyrie.business\/wp-content\/uploads\/2022\/05\/logoname-2.webp","contentUrl":"http:\/\/www.valkyrie.business\/wp-content\/uploads\/2022\/05\/logoname-2.webp","width":2534,"height":610,"caption":"Valkyrie"},"image":{"@id":"https:\/\/www.valkyrie.business\/#\/schema\/logo\/image\/"}}]}},"_links":{"self":[{"href":"https:\/\/www.valkyrie.business\/index.php\/wp-json\/wp\/v2\/pages\/46","targetHints":{"allow":["GET"]}}],"collection":[{"href":"https:\/\/www.valkyrie.business\/index.php\/wp-json\/wp\/v2\/pages"}],"about":[{"href":"https:\/\/www.valkyrie.business\/index.php\/wp-json\/wp\/v2\/types\/page"}],"author":[{"embeddable":true,"href":"https:\/\/www.valkyrie.business\/index.php\/wp-json\/wp\/v2\/users\/1"}],"replies":[{"embeddable":true,"href":"https:\/\/www.valkyrie.business\/index.php\/wp-json\/wp\/v2\/comments?post=46"}],"version-history":[{"count":9,"href":"https:\/\/www.valkyrie.business\/index.php\/wp-json\/wp\/v2\/pages\/46\/revisions"}],"predecessor-version":[{"id":1591,"href":"https:\/\/www.valkyrie.business\/index.php\/wp-json\/wp\/v2\/pages\/46\/revisions\/1591"}],"wp:featuredmedia":[{"embeddable":true,"href":"https:\/\/www.valkyrie.business\/index.php\/wp-json\/wp\/v2\/media\/296"}],"wp:attachment":[{"href":"https:\/\/www.valkyrie.business\/index.php\/wp-json\/wp\/v2\/media?parent=46"}],"curies":[{"name":"wp","href":"https:\/\/api.w.org\/{rel}","templated":true}]}}