{"id":1315,"date":"2022-05-19T14:59:03","date_gmt":"2022-05-19T12:59:03","guid":{"rendered":"http:\/\/www.valkyrie.business\/?page_id=1315"},"modified":"2022-05-27T12:48:15","modified_gmt":"2022-05-27T10:48:15","slug":"mentions-legales","status":"publish","type":"page","link":"https:\/\/www.valkyrie.business\/index.php\/mentions-legales\/","title":{"rendered":"MENTIONS LEGALES"},"content":{"rendered":"<h1 class=\"entry-title main_title\"><span style=\"font-size: 22px;\">BERZERKER<\/span><\/h1>\n<div class=\"entry-content\">\n<p>SASU au capital de 30.000,00 euros Si\u00e8ge social\u00a0: 69 rue Louise Michel, 92300 Levallois-Perret SIRET\u00a0: 84919980700017 N\u00b0 SIREN\u00a0: 849\u00a0199\u00a0807 Immatricul\u00e9e au Registre du Commerce et des Soci\u00e9t\u00e9s de Nanterre sous le num\u00e9ro 849\u00a0199\u00a0807 Num\u00e9ro de TVA intracommunautaire\u00a0: FR66849199807 Directeur de la publication\u00a0:\u00a0 Steven LAURENT Tel\u00a0: +33(0)6.58.83.18.88 Email\u00a0:\u00a0<a href=\"mailto:laurent@ultraconfig.com\">contact@ultraconfig.com<\/a> H\u00e9bergeur\u00a0: OVH SAS est une filiale de la soci\u00e9t\u00e9 OVH Groupe SAS, soci\u00e9t\u00e9 immatricul\u00e9e au RCS de Lille sous le num\u00e9ro 537 407 926 sise 2, rue Kellermann, 59100 Roubaix Editeur du site\u00a0: Monsieur Steven LAURENT<\/p>\n<\/div>\n<p>&nbsp;<\/p>\n<p>&nbsp;<\/p>\n<p>&nbsp;<\/p>\n<p>&nbsp;<\/p>\n<p>&nbsp;<\/p>\n<p>&nbsp;<\/p>\n<p>&nbsp;<\/p>\n<p>&nbsp;<\/p>\n<p>&nbsp;<\/p>\n<p>&nbsp;<\/p>\n<p>&nbsp;<\/p>\n<p>&nbsp;<\/p>\n<p>&nbsp;<\/p>\n<p>&nbsp;<\/p>\n","protected":false},"excerpt":{"rendered":"<p>BERZERKER SASU au capital de 30.000,00 euros Si\u00e8ge social\u00a0: 69 rue Louise Michel, 92300 Levallois-Perret SIRET\u00a0: 84919980700017 N\u00b0 SIREN\u00a0: 849\u00a0199\u00a0807 Immatricul\u00e9e au Registre du Commerce et des Soci\u00e9t\u00e9s de Nanterre sous le num\u00e9ro 849\u00a0199\u00a0807 Num\u00e9ro de TVA intracommunautaire\u00a0: FR66849199807 Directeur de la publication\u00a0:\u00a0 Steven LAURENT Tel\u00a0: +33(0)6.58.83.18.88 Email\u00a0:\u00a0contact@ultraconfig.com H\u00e9bergeur\u00a0: OVH SAS est une filiale de [&hellip;]<\/p>\n","protected":false},"author":1,"featured_media":0,"parent":0,"menu_order":0,"comment_status":"closed","ping_status":"closed","template":"","meta":{"_et_pb_use_builder":"off","_et_pb_old_content":"","_et_gb_content_width":"","footnotes":""},"class_list":["post-1315","page","type-page","status-publish","hentry"],"yoast_head":"<!-- This site is optimized with the Yoast SEO plugin v20.4 - https:\/\/yoast.com\/wordpress\/plugins\/seo\/ -->\n<title>MENTIONS LEGALES - Valkyrie.Business<\/title>\n<meta name=\"robots\" content=\"noindex, nofollow\" \/>\n<meta property=\"og:locale\" content=\"fr_FR\" \/>\n<meta property=\"og:type\" content=\"article\" \/>\n<meta property=\"og:title\" content=\"MENTIONS LEGALES - Valkyrie.Business\" \/>\n<meta property=\"og:description\" content=\"BERZERKER SASU au capital de 30.000,00 euros Si\u00e8ge social\u00a0: 69 rue Louise Michel, 92300 Levallois-Perret SIRET\u00a0: 84919980700017 N\u00b0 SIREN\u00a0: 849\u00a0199\u00a0807 Immatricul\u00e9e au Registre du Commerce et des Soci\u00e9t\u00e9s de Nanterre sous le num\u00e9ro 849\u00a0199\u00a0807 Num\u00e9ro de TVA intracommunautaire\u00a0: FR66849199807 Directeur de la publication\u00a0:\u00a0 Steven LAURENT Tel\u00a0: +33(0)6.58.83.18.88 Email\u00a0:\u00a0contact@ultraconfig.com H\u00e9bergeur\u00a0: OVH SAS est une filiale de [&hellip;]\" \/>\n<meta property=\"og:url\" content=\"https:\/\/www.valkyrie.business\/index.php\/mentions-legales\/\" \/>\n<meta property=\"og:site_name\" content=\"Valkyrie.Business\" \/>\n<meta property=\"article:modified_time\" content=\"2022-05-27T10:48:15+00:00\" \/>\n<meta name=\"twitter:card\" content=\"summary_large_image\" \/>\n<meta name=\"twitter:label1\" content=\"Dur\u00e9e de lecture estim\u00e9e\" \/>\n\t<meta name=\"twitter:data1\" content=\"1 minute\" \/>\n<script type=\"application\/ld+json\" class=\"yoast-schema-graph\">{\"@context\":\"https:\/\/schema.org\",\"@graph\":[{\"@type\":\"WebPage\",\"@id\":\"https:\/\/www.valkyrie.business\/index.php\/mentions-legales\/\",\"url\":\"https:\/\/www.valkyrie.business\/index.php\/mentions-legales\/\",\"name\":\"MENTIONS LEGALES - Valkyrie.Business\",\"isPartOf\":{\"@id\":\"https:\/\/www.valkyrie.business\/#website\"},\"datePublished\":\"2022-05-19T12:59:03+00:00\",\"dateModified\":\"2022-05-27T10:48:15+00:00\",\"breadcrumb\":{\"@id\":\"https:\/\/www.valkyrie.business\/index.php\/mentions-legales\/#breadcrumb\"},\"inLanguage\":\"fr-FR\",\"potentialAction\":[{\"@type\":\"ReadAction\",\"target\":[\"https:\/\/www.valkyrie.business\/index.php\/mentions-legales\/\"]}]},{\"@type\":\"BreadcrumbList\",\"@id\":\"https:\/\/www.valkyrie.business\/index.php\/mentions-legales\/#breadcrumb\",\"itemListElement\":[{\"@type\":\"ListItem\",\"position\":1,\"name\":\"Accueil\",\"item\":\"https:\/\/www.valkyrie.business\/\"},{\"@type\":\"ListItem\",\"position\":2,\"name\":\"MENTIONS LEGALES\"}]},{\"@type\":\"WebSite\",\"@id\":\"https:\/\/www.valkyrie.business\/#website\",\"url\":\"https:\/\/www.valkyrie.business\/\",\"name\":\"Valkyrie.Business\",\"description\":\"L&#039;informatique D\u00e9di\u00e9e aux Professionnels\",\"publisher\":{\"@id\":\"https:\/\/www.valkyrie.business\/#organization\"},\"potentialAction\":[{\"@type\":\"SearchAction\",\"target\":{\"@type\":\"EntryPoint\",\"urlTemplate\":\"https:\/\/www.valkyrie.business\/?s={search_term_string}\"},\"query-input\":\"required name=search_term_string\"}],\"inLanguage\":\"fr-FR\"},{\"@type\":\"Organization\",\"@id\":\"https:\/\/www.valkyrie.business\/#organization\",\"name\":\"Valkyrie\",\"url\":\"https:\/\/www.valkyrie.business\/\",\"logo\":{\"@type\":\"ImageObject\",\"inLanguage\":\"fr-FR\",\"@id\":\"https:\/\/www.valkyrie.business\/#\/schema\/logo\/image\/\",\"url\":\"http:\/\/www.valkyrie.business\/wp-content\/uploads\/2022\/05\/logoname-2.webp\",\"contentUrl\":\"http:\/\/www.valkyrie.business\/wp-content\/uploads\/2022\/05\/logoname-2.webp\",\"width\":2534,\"height\":610,\"caption\":\"Valkyrie\"},\"image\":{\"@id\":\"https:\/\/www.valkyrie.business\/#\/schema\/logo\/image\/\"}}]}<\/script>\n<!-- \/ Yoast SEO plugin. -->","yoast_head_json":{"title":"MENTIONS LEGALES - Valkyrie.Business","robots":{"index":"noindex","follow":"nofollow"},"og_locale":"fr_FR","og_type":"article","og_title":"MENTIONS LEGALES - Valkyrie.Business","og_description":"BERZERKER SASU au capital de 30.000,00 euros Si\u00e8ge social\u00a0: 69 rue Louise Michel, 92300 Levallois-Perret SIRET\u00a0: 84919980700017 N\u00b0 SIREN\u00a0: 849\u00a0199\u00a0807 Immatricul\u00e9e au Registre du Commerce et des Soci\u00e9t\u00e9s de Nanterre sous le num\u00e9ro 849\u00a0199\u00a0807 Num\u00e9ro de TVA intracommunautaire\u00a0: FR66849199807 Directeur de la publication\u00a0:\u00a0 Steven LAURENT Tel\u00a0: +33(0)6.58.83.18.88 Email\u00a0:\u00a0contact@ultraconfig.com H\u00e9bergeur\u00a0: OVH SAS est une filiale de [&hellip;]","og_url":"https:\/\/www.valkyrie.business\/index.php\/mentions-legales\/","og_site_name":"Valkyrie.Business","article_modified_time":"2022-05-27T10:48:15+00:00","twitter_card":"summary_large_image","twitter_misc":{"Dur\u00e9e de lecture estim\u00e9e":"1 minute"},"schema":{"@context":"https:\/\/schema.org","@graph":[{"@type":"WebPage","@id":"https:\/\/www.valkyrie.business\/index.php\/mentions-legales\/","url":"https:\/\/www.valkyrie.business\/index.php\/mentions-legales\/","name":"MENTIONS LEGALES - Valkyrie.Business","isPartOf":{"@id":"https:\/\/www.valkyrie.business\/#website"},"datePublished":"2022-05-19T12:59:03+00:00","dateModified":"2022-05-27T10:48:15+00:00","breadcrumb":{"@id":"https:\/\/www.valkyrie.business\/index.php\/mentions-legales\/#breadcrumb"},"inLanguage":"fr-FR","potentialAction":[{"@type":"ReadAction","target":["https:\/\/www.valkyrie.business\/index.php\/mentions-legales\/"]}]},{"@type":"BreadcrumbList","@id":"https:\/\/www.valkyrie.business\/index.php\/mentions-legales\/#breadcrumb","itemListElement":[{"@type":"ListItem","position":1,"name":"Accueil","item":"https:\/\/www.valkyrie.business\/"},{"@type":"ListItem","position":2,"name":"MENTIONS LEGALES"}]},{"@type":"WebSite","@id":"https:\/\/www.valkyrie.business\/#website","url":"https:\/\/www.valkyrie.business\/","name":"Valkyrie.Business","description":"L&#039;informatique D\u00e9di\u00e9e aux Professionnels","publisher":{"@id":"https:\/\/www.valkyrie.business\/#organization"},"potentialAction":[{"@type":"SearchAction","target":{"@type":"EntryPoint","urlTemplate":"https:\/\/www.valkyrie.business\/?s={search_term_string}"},"query-input":"required name=search_term_string"}],"inLanguage":"fr-FR"},{"@type":"Organization","@id":"https:\/\/www.valkyrie.business\/#organization","name":"Valkyrie","url":"https:\/\/www.valkyrie.business\/","logo":{"@type":"ImageObject","inLanguage":"fr-FR","@id":"https:\/\/www.valkyrie.business\/#\/schema\/logo\/image\/","url":"http:\/\/www.valkyrie.business\/wp-content\/uploads\/2022\/05\/logoname-2.webp","contentUrl":"http:\/\/www.valkyrie.business\/wp-content\/uploads\/2022\/05\/logoname-2.webp","width":2534,"height":610,"caption":"Valkyrie"},"image":{"@id":"https:\/\/www.valkyrie.business\/#\/schema\/logo\/image\/"}}]}},"_links":{"self":[{"href":"https:\/\/www.valkyrie.business\/index.php\/wp-json\/wp\/v2\/pages\/1315","targetHints":{"allow":["GET"]}}],"collection":[{"href":"https:\/\/www.valkyrie.business\/index.php\/wp-json\/wp\/v2\/pages"}],"about":[{"href":"https:\/\/www.valkyrie.business\/index.php\/wp-json\/wp\/v2\/types\/page"}],"author":[{"embeddable":true,"href":"https:\/\/www.valkyrie.business\/index.php\/wp-json\/wp\/v2\/users\/1"}],"replies":[{"embeddable":true,"href":"https:\/\/www.valkyrie.business\/index.php\/wp-json\/wp\/v2\/comments?post=1315"}],"version-history":[{"count":1,"href":"https:\/\/www.valkyrie.business\/index.php\/wp-json\/wp\/v2\/pages\/1315\/revisions"}],"predecessor-version":[{"id":1439,"href":"https:\/\/www.valkyrie.business\/index.php\/wp-json\/wp\/v2\/pages\/1315\/revisions\/1439"}],"wp:attachment":[{"href":"https:\/\/www.valkyrie.business\/index.php\/wp-json\/wp\/v2\/media?parent=1315"}],"curies":[{"name":"wp","href":"https:\/\/api.w.org\/{rel}","templated":true}]}}